{"id":138,"date":"2026-04-02T09:39:49","date_gmt":"2026-04-02T09:39:49","guid":{"rendered":"https:\/\/www.lesetabli-e-s.fr\/?page_id=138"},"modified":"2026-04-04T09:50:53","modified_gmt":"2026-04-04T09:50:53","slug":"formations","status":"publish","type":"page","link":"https:\/\/www.lesetabli-e-s.fr\/index.php\/formations\/","title":{"rendered":"Formations"},"content":{"rendered":"<div class=\"et_pb_section_0 et_pb_section et_section_regular et_block_section\">\n<div class=\"et_pb_row_0 et_pb_row et_flex_row\">\n<div class=\"et_pb_column_0 et_pb_column et-last-child et_flex_column et_pb_css_mix_blend_mode_passthrough et_flex_column_24_24 et_flex_column_24_24_tablet et_flex_column_24_24_phone\">\n<div class=\"et_pb_text_0 et_pb_text et_pb_bg_layout_light et_pb_module et_flex_module\"><div class=\"et_pb_text_inner\"><h1 class=\"p1\"><span style=\"color: #800080;\"><strong>Formations<\/strong><\/span><\/h1>\n<\/div><\/div>\n<\/div>\n<\/div>\n\n<div class=\"et_pb_row_1 et_pb_row et_flex_row\">\n<div class=\"et_pb_column_1 et_pb_column et_flex_column et_pb_css_mix_blend_mode_passthrough et_flex_column_12_24 et_flex_column_12_24_tablet et_flex_column_24_24_phone\">\n<div class=\"et_pb_image_0 et_pb_image et_pb_module et_flex_module\"><span class=\"et_pb_image_wrap\"><img loading=\"lazy\" decoding=\"async\" src=\"https:\/\/www.lesetabli-e-s.fr\/wp-content\/uploads\/2026\/04\/formation-web.jpg\" title=\"formation-web\" width=\"1063\" height=\"1417\" srcset=\"https:\/\/www.lesetabli-e-s.fr\/wp-content\/uploads\/2026\/04\/formation-web.jpg 1063w, https:\/\/www.lesetabli-e-s.fr\/wp-content\/uploads\/2026\/04\/formation-web-980x1306.jpg 980w, https:\/\/www.lesetabli-e-s.fr\/wp-content\/uploads\/2026\/04\/formation-web-480x640.jpg 480w\" sizes=\"(min-width: 0px) and (max-width: 480px) 480px, (min-width: 481px) and (max-width: 980px) 980px, (min-width: 981px) 1063px, 100vw\" class=\"wp-image-224\" \/><\/span><\/div>\n<\/div>\n\n<div class=\"et_pb_column_2 et_pb_column et-last-child et_flex_column et_pb_css_mix_blend_mode_passthrough et_flex_column_12_24 et_flex_column_12_24_tablet et_flex_column_24_24_phone\">\n<div class=\"et_pb_text_1 et_pb_text et_pb_bg_layout_light et_pb_module et_flex_module\"><div class=\"et_pb_text_inner\"><h2 class=\"p1\"><strong><span style=\"color: #800080;\">Modalit\u00e9s : formation, cours, table ronde, conf\u00e9rence ...<\/span><\/strong><\/h2>\n<p><strong><span style=\"color: #800080;\"><\/span><\/strong><\/p>\n<p class=\"p1\"><span style=\"color: #800080;\"><strong>Th\u00e8mes :<\/strong> violences dans les couples, intrafamiliales, au travail, \u00e9ducatives ordinaires, verbales, VHSS, discriminations, vivre ensemble, consentement, \u00e9galit\u00e9, posture d'\u00e9coute, \u00e9thique, leviers d'action, ressources...<\/span><\/p>\n<p class=\"p1\"><span style=\"color: #800080;\"><strong>Objectifs :<\/strong> Comprendre, rep\u00e9rer, s'outiller, orienter<\/span><\/p>\n<p class=\"p1\"><span style=\"color: #800080;\">Acqu\u00e9rir une culture commune<\/span><\/p>\n<p class=\"p1\"><span style=\"color: #800080;\">Devenir acteur.ices d'une soci\u00e9t\u00e9 plus \u00e9galitaire<\/span><\/p>\n<p class=\"p1\"><span style=\"color: #800080;\"><strong>Publics :<\/strong> \u00e9quipes, professionnel.les, b\u00e9n\u00e9voles, \u00e9tudiant.es, collectivit\u00e9s publiques\/priv\u00e9es, sportives, d'enseignement, de formations, institutions m\u00e9dico-sociales, entreprises...<\/span><\/p>\n<p class=\"p1\"><strong><span style=\"color: #800080;\">Le +: Nous adaptons nos propositions en fonction des besoins rep\u00e9r\u00e9s<\/span><\/strong><\/p>\n<\/div><\/div>\n<\/div>\n<\/div>\n\n<div class=\"et_pb_row_2 et_pb_row et_flex_row\">\n<div class=\"et_pb_column_3 et_pb_column et-last-child et_flex_column et_pb_css_mix_blend_mode_passthrough et_flex_column_24_24 et_flex_column_24_24_tablet et_flex_column_24_24_phone\">\n<div class=\"et_pb_image_1 et_pb_image et_pb_module et_flex_module\"><span class=\"et_pb_image_wrap\"><img loading=\"lazy\" decoding=\"async\" src=\"https:\/\/www.lesetabli-e-s.fr\/wp-content\/uploads\/2026\/03\/Copie-de-FP-et-stand-quinzaine-de-la-parentalite.jpg\" title=\"Copie-de-FP-et-stand-quinzaine-de-la-parentalite\" width=\"1134\" height=\"850\" srcset=\"https:\/\/www.lesetabli-e-s.fr\/wp-content\/uploads\/2026\/03\/Copie-de-FP-et-stand-quinzaine-de-la-parentalite.jpg 1134w, https:\/\/www.lesetabli-e-s.fr\/wp-content\/uploads\/2026\/03\/Copie-de-FP-et-stand-quinzaine-de-la-parentalite-300x225.jpg 300w, https:\/\/www.lesetabli-e-s.fr\/wp-content\/uploads\/2026\/03\/Copie-de-FP-et-stand-quinzaine-de-la-parentalite-1024x768.jpg 1024w, https:\/\/www.lesetabli-e-s.fr\/wp-content\/uploads\/2026\/03\/Copie-de-FP-et-stand-quinzaine-de-la-parentalite-768x576.jpg 768w\" sizes=\"(max-width: 1134px) 100vw, 1134px\" class=\"wp-image-56\" \/><\/span><\/div>\n<\/div>\n<\/div>\n\n<div class=\"et_pb_row_3 et_pb_row et-vb-row--no-module et_flex_row\">\n<div class=\"et_pb_column_4 et_pb_column et-last-child et_flex_column et_pb_column_empty et_pb_css_mix_blend_mode_passthrough et_flex_column_24_24 et_flex_column_24_24_tablet et_flex_column_24_24_phone\"><\/div>\n<\/div>\n<\/div>","protected":false},"excerpt":{"rendered":"","protected":false},"author":1,"featured_media":0,"parent":0,"menu_order":0,"comment_status":"closed","ping_status":"closed","template":"","meta":{"footnotes":""},"class_list":["post-138","page","type-page","status-publish","hentry"],"yoast_head":"<!-- This site is optimized with the Yoast SEO plugin v27.3 - https:\/\/yoast.com\/product\/yoast-seo-wordpress\/ -->\n<title>Formations -<\/title>\n<meta name=\"robots\" content=\"index, follow, max-snippet:-1, max-image-preview:large, max-video-preview:-1\" \/>\n<link rel=\"canonical\" href=\"https:\/\/www.lesetabli-e-s.fr\/index.php\/formations\/\" \/>\n<meta property=\"og:locale\" content=\"fr_FR\" \/>\n<meta property=\"og:type\" content=\"article\" \/>\n<meta property=\"og:title\" content=\"Formations -\" \/>\n<meta property=\"og:url\" content=\"https:\/\/www.lesetabli-e-s.fr\/index.php\/formations\/\" \/>\n<meta property=\"article:modified_time\" content=\"2026-04-04T09:50:53+00:00\" \/>\n<meta name=\"twitter:card\" content=\"summary_large_image\" \/>\n<script type=\"application\/ld+json\" class=\"yoast-schema-graph\">{\"@context\":\"https:\\\/\\\/schema.org\",\"@graph\":[{\"@type\":\"WebPage\",\"@id\":\"https:\\\/\\\/www.lesetabli-e-s.fr\\\/index.php\\\/formations\\\/\",\"url\":\"https:\\\/\\\/www.lesetabli-e-s.fr\\\/index.php\\\/formations\\\/\",\"name\":\"Formations -\",\"isPartOf\":{\"@id\":\"https:\\\/\\\/www.lesetabli-e-s.fr\\\/#website\"},\"datePublished\":\"2026-04-02T09:39:49+00:00\",\"dateModified\":\"2026-04-04T09:50:53+00:00\",\"breadcrumb\":{\"@id\":\"https:\\\/\\\/www.lesetabli-e-s.fr\\\/index.php\\\/formations\\\/#breadcrumb\"},\"inLanguage\":\"fr-FR\",\"potentialAction\":[{\"@type\":\"ReadAction\",\"target\":[\"https:\\\/\\\/www.lesetabli-e-s.fr\\\/index.php\\\/formations\\\/\"]}]},{\"@type\":\"BreadcrumbList\",\"@id\":\"https:\\\/\\\/www.lesetabli-e-s.fr\\\/index.php\\\/formations\\\/#breadcrumb\",\"itemListElement\":[{\"@type\":\"ListItem\",\"position\":1,\"name\":\"Accueil\",\"item\":\"https:\\\/\\\/www.lesetabli-e-s.fr\\\/\"},{\"@type\":\"ListItem\",\"position\":2,\"name\":\"Formations\"}]},{\"@type\":\"WebSite\",\"@id\":\"https:\\\/\\\/www.lesetabli-e-s.fr\\\/#website\",\"url\":\"https:\\\/\\\/www.lesetabli-e-s.fr\\\/\",\"name\":\"Les \u00c9tabli.e.s\",\"description\":\"Pr\u00e9vention \\\/ Formation \\\/ Accompagnement VHSS\",\"publisher\":{\"@id\":\"https:\\\/\\\/www.lesetabli-e-s.fr\\\/#organization\"},\"potentialAction\":[{\"@type\":\"SearchAction\",\"target\":{\"@type\":\"EntryPoint\",\"urlTemplate\":\"https:\\\/\\\/www.lesetabli-e-s.fr\\\/?s={search_term_string}\"},\"query-input\":{\"@type\":\"PropertyValueSpecification\",\"valueRequired\":true,\"valueName\":\"search_term_string\"}}],\"inLanguage\":\"fr-FR\"},{\"@type\":\"Organization\",\"@id\":\"https:\\\/\\\/www.lesetabli-e-s.fr\\\/#organization\",\"name\":\"Les \u00c9tabli.e.s\",\"url\":\"https:\\\/\\\/www.lesetabli-e-s.fr\\\/\",\"logo\":{\"@type\":\"ImageObject\",\"inLanguage\":\"fr-FR\",\"@id\":\"https:\\\/\\\/www.lesetabli-e-s.fr\\\/#\\\/schema\\\/logo\\\/image\\\/\",\"url\":\"https:\\\/\\\/www.lesetabli-e-s.fr\\\/wp-content\\\/uploads\\\/2026\\\/03\\\/Capture-decran-2026-03-11-a-10.32.08.jpg\",\"contentUrl\":\"https:\\\/\\\/www.lesetabli-e-s.fr\\\/wp-content\\\/uploads\\\/2026\\\/03\\\/Capture-decran-2026-03-11-a-10.32.08.jpg\",\"width\":419,\"height\":327,\"caption\":\"Les \u00c9tabli.e.s\"},\"image\":{\"@id\":\"https:\\\/\\\/www.lesetabli-e-s.fr\\\/#\\\/schema\\\/logo\\\/image\\\/\"},\"sameAs\":[\"https:\\\/\\\/www.instagram.com\\\/freepaillettes\\\/\"]}]}<\/script>\n<!-- \/ Yoast SEO plugin. -->","yoast_head_json":{"title":"Formations -","robots":{"index":"index","follow":"follow","max-snippet":"max-snippet:-1","max-image-preview":"max-image-preview:large","max-video-preview":"max-video-preview:-1"},"canonical":"https:\/\/www.lesetabli-e-s.fr\/index.php\/formations\/","og_locale":"fr_FR","og_type":"article","og_title":"Formations -","og_url":"https:\/\/www.lesetabli-e-s.fr\/index.php\/formations\/","article_modified_time":"2026-04-04T09:50:53+00:00","twitter_card":"summary_large_image","schema":{"@context":"https:\/\/schema.org","@graph":[{"@type":"WebPage","@id":"https:\/\/www.lesetabli-e-s.fr\/index.php\/formations\/","url":"https:\/\/www.lesetabli-e-s.fr\/index.php\/formations\/","name":"Formations -","isPartOf":{"@id":"https:\/\/www.lesetabli-e-s.fr\/#website"},"datePublished":"2026-04-02T09:39:49+00:00","dateModified":"2026-04-04T09:50:53+00:00","breadcrumb":{"@id":"https:\/\/www.lesetabli-e-s.fr\/index.php\/formations\/#breadcrumb"},"inLanguage":"fr-FR","potentialAction":[{"@type":"ReadAction","target":["https:\/\/www.lesetabli-e-s.fr\/index.php\/formations\/"]}]},{"@type":"BreadcrumbList","@id":"https:\/\/www.lesetabli-e-s.fr\/index.php\/formations\/#breadcrumb","itemListElement":[{"@type":"ListItem","position":1,"name":"Accueil","item":"https:\/\/www.lesetabli-e-s.fr\/"},{"@type":"ListItem","position":2,"name":"Formations"}]},{"@type":"WebSite","@id":"https:\/\/www.lesetabli-e-s.fr\/#website","url":"https:\/\/www.lesetabli-e-s.fr\/","name":"Les \u00c9tabli.e.s","description":"Pr\u00e9vention \/ Formation \/ Accompagnement VHSS","publisher":{"@id":"https:\/\/www.lesetabli-e-s.fr\/#organization"},"potentialAction":[{"@type":"SearchAction","target":{"@type":"EntryPoint","urlTemplate":"https:\/\/www.lesetabli-e-s.fr\/?s={search_term_string}"},"query-input":{"@type":"PropertyValueSpecification","valueRequired":true,"valueName":"search_term_string"}}],"inLanguage":"fr-FR"},{"@type":"Organization","@id":"https:\/\/www.lesetabli-e-s.fr\/#organization","name":"Les \u00c9tabli.e.s","url":"https:\/\/www.lesetabli-e-s.fr\/","logo":{"@type":"ImageObject","inLanguage":"fr-FR","@id":"https:\/\/www.lesetabli-e-s.fr\/#\/schema\/logo\/image\/","url":"https:\/\/www.lesetabli-e-s.fr\/wp-content\/uploads\/2026\/03\/Capture-decran-2026-03-11-a-10.32.08.jpg","contentUrl":"https:\/\/www.lesetabli-e-s.fr\/wp-content\/uploads\/2026\/03\/Capture-decran-2026-03-11-a-10.32.08.jpg","width":419,"height":327,"caption":"Les \u00c9tabli.e.s"},"image":{"@id":"https:\/\/www.lesetabli-e-s.fr\/#\/schema\/logo\/image\/"},"sameAs":["https:\/\/www.instagram.com\/freepaillettes\/"]}]}},"jetpack_sharing_enabled":true,"_links":{"self":[{"href":"https:\/\/www.lesetabli-e-s.fr\/index.php\/wp-json\/wp\/v2\/pages\/138","targetHints":{"allow":["GET"]}}],"collection":[{"href":"https:\/\/www.lesetabli-e-s.fr\/index.php\/wp-json\/wp\/v2\/pages"}],"about":[{"href":"https:\/\/www.lesetabli-e-s.fr\/index.php\/wp-json\/wp\/v2\/types\/page"}],"author":[{"embeddable":true,"href":"https:\/\/www.lesetabli-e-s.fr\/index.php\/wp-json\/wp\/v2\/users\/1"}],"replies":[{"embeddable":true,"href":"https:\/\/www.lesetabli-e-s.fr\/index.php\/wp-json\/wp\/v2\/comments?post=138"}],"version-history":[{"count":14,"href":"https:\/\/www.lesetabli-e-s.fr\/index.php\/wp-json\/wp\/v2\/pages\/138\/revisions"}],"predecessor-version":[{"id":225,"href":"https:\/\/www.lesetabli-e-s.fr\/index.php\/wp-json\/wp\/v2\/pages\/138\/revisions\/225"}],"wp:attachment":[{"href":"https:\/\/www.lesetabli-e-s.fr\/index.php\/wp-json\/wp\/v2\/media?parent=138"}],"curies":[{"name":"wp","href":"https:\/\/api.w.org\/{rel}","templated":true}]}}