{"id":134,"date":"2026-04-02T09:31:35","date_gmt":"2026-04-02T09:31:35","guid":{"rendered":"https:\/\/www.lesetabli-e-s.fr\/?page_id=134"},"modified":"2026-04-12T16:23:08","modified_gmt":"2026-04-12T16:23:08","slug":"stand-info","status":"publish","type":"page","link":"https:\/\/www.lesetabli-e-s.fr\/index.php\/stand-info\/","title":{"rendered":"Stand info"},"content":{"rendered":"<div class=\"et_pb_section_0 et_pb_section et_section_regular et_block_section\">\n<div class=\"et_pb_row_0 et_pb_row et_flex_row\">\n<div class=\"et_pb_column_0 et_pb_column et_flex_column et_pb_css_mix_blend_mode_passthrough et_flex_column_12_24 et_flex_column_12_24_tablet et_flex_column_24_24_phone\">\n<div class=\"et_pb_image_0 et_pb_image et_pb_module et_flex_module\"><span class=\"et_pb_image_wrap\"><img loading=\"lazy\" decoding=\"async\" src=\"https:\/\/www.lesetabli-e-s.fr\/wp-content\/uploads\/2026\/03\/logo-safe-zone-maraudes.jpg\" title=\"logo-safe-zone-maraudes\" width=\"562\" height=\"562\" srcset=\"https:\/\/www.lesetabli-e-s.fr\/wp-content\/uploads\/2026\/03\/logo-safe-zone-maraudes.jpg 562w, https:\/\/www.lesetabli-e-s.fr\/wp-content\/uploads\/2026\/03\/logo-safe-zone-maraudes-300x300.jpg 300w, https:\/\/www.lesetabli-e-s.fr\/wp-content\/uploads\/2026\/03\/logo-safe-zone-maraudes-150x150.jpg 150w\" sizes=\"(max-width: 562px) 100vw, 562px\" class=\"wp-image-53\" \/><\/span><\/div>\n\n<div class=\"et_pb_image_1 et_pb_image et_pb_module et_flex_module\"><span class=\"et_pb_image_wrap\"><img loading=\"lazy\" decoding=\"async\" src=\"https:\/\/www.lesetabli-e-s.fr\/wp-content\/uploads\/2026\/04\/safe-zone-image.jpg\" title=\"safe-zone-image\" width=\"1274\" height=\"908\" srcset=\"https:\/\/www.lesetabli-e-s.fr\/wp-content\/uploads\/2026\/04\/safe-zone-image.jpg 1274w, https:\/\/www.lesetabli-e-s.fr\/wp-content\/uploads\/2026\/04\/safe-zone-image-980x698.jpg 980w, https:\/\/www.lesetabli-e-s.fr\/wp-content\/uploads\/2026\/04\/safe-zone-image-480x342.jpg 480w\" sizes=\"(min-width: 0px) and (max-width: 480px) 480px, (min-width: 481px) and (max-width: 980px) 980px, (min-width: 981px) 1274px, 100vw\" class=\"wp-image-195\" \/><\/span><\/div>\n<\/div>\n\n<div class=\"et_pb_column_1 et_pb_column et-last-child et_flex_column et_pb_css_mix_blend_mode_passthrough et_flex_column_12_24 et_flex_column_12_24_tablet et_flex_column_24_24_phone\">\n<div class=\"et_pb_text_0 et_pb_text et_pb_bg_layout_light et_pb_module et_flex_module\"><div class=\"et_pb_text_inner\"><h2><span style=\"color: #800080;\"><strong>Stand d\u2019information et d'orientation :<\/strong><\/span><\/h2>\n<p><span style=\"color: #800080;\"><strong><\/strong><\/span><\/p>\n<p><span style=\"color: #800080;\"><strong>Safe Zone et\/ou maraudes :<\/strong><\/span><br \/><strong><span style=\"color: #800080;\">formations \u00e9quipes, coordination, prise en charge, orientation.<\/span><\/strong><\/p>\n<p class=\"p1\"><span style=\"color: #800080;\">C'est un espace d\u00e9di\u00e9 \u00e0 l'accueil et \u00e0 la ressource sp\u00e9cifique dans l'enceinte d'un lieu festif, o\u00f9 des personnes form\u00e9es aux VHSS accueillent le public et prennent en charge les situations de violences et de souffrance qui n\u00e9cessitent assistance.<br \/><\/span><\/p>\n<p class=\"p1\"><span style=\"color: #800080;\">Accompagn\u00e9es de b\u00e9n\u00e9voles form\u00e9.es, nous coordonnons cette mission en lien avec le staff des \u00e9v\u00e9nements (orga, r\u00e9f\u00e9rent.es VHSS, s\u00e9cu, secours...).<\/span><\/p>\n<p><span style=\"color: #800080;\"><strong>Les maraudes<\/strong> sont compl\u00e9mentaires \u00e0 un dispositif de pr\u00e9vention et d'\u00e9coute (Free Paillettes, Safe zone) : une pr\u00e9sence \u00e0 360\u00b0 tr\u00e8s appr\u00e9ci\u00e9e du public.<br \/><\/span><\/p>\n<p class=\"p1\"><span style=\"color: #800080;\">Effectu\u00e9es par nos b\u00e9n\u00e9voles en bin\u00f4me\/trin\u00f4me, elles permettent <strong>d'informer<\/strong> le public de la pr\u00e9sence des dispositifs de pr\u00e9vention, <strong>de<\/strong> <strong>rep\u00e9rer<\/strong> les situations probl\u00e9matiques ou \u00e0 risque, <strong>d'accompagner<\/strong> les personnes en situation de vuln\u00e9rabilit\u00e9 vers la Safe zone ou Free Paillettes.<\/span><\/p>\n<p><span style=\"color: #800080;\"><strong>Free Paillettes :<\/strong> maquillage \u00e9v\u00e8nementiel paillettes, recueil de parole, gestion de probl\u00e9matiques.<\/span><\/p>\n<p><span style=\"color: #800080;\"><strong>O\u00f9 ?<\/strong><\/span><br \/><span style=\"color: #800080;\">Festivals, bars, bo\u00eetes de nuit, soir\u00e9es \u00e9tudiantes, \u00e9v\u00e8nements sportifs, galas d'entreprises, f\u00eates institutionnelles, manifestations sportives, ...<\/span><\/p>\n<\/div><\/div>\n<\/div>\n<\/div>\n\n<div class=\"et_pb_row_1 et_pb_row et_flex_row\">\n<div class=\"et_pb_column_2 et_pb_column et_flex_column et_pb_css_mix_blend_mode_passthrough et_flex_column_12_24 et_flex_column_12_24_tablet et_flex_column_24_24_phone\">\n<div class=\"et_pb_text_1 et_pb_text et_pb_bg_layout_light et_pb_module et_flex_module\"><div class=\"et_pb_text_inner\"><h2 class=\"p1\"><span style=\"color: #800080;\"><strong>Free Paillettes<\/strong> <\/span><\/h2>\n<p><span style=\"color: #800080;\"><strong><\/strong><\/span><\/p>\n<p class=\"p1\"><span style=\"color: #800080;\">C\u2019est un dispositif clinique d'information, de pr\u00e9vention et de rep\u00e9rage via un m\u00e9dium que sont les paillettes (biod\u00e9gradables).<\/span><\/p>\n<p class=\"p1\"><span style=\"color: #800080;\">C'est un espace s\u00e9cure pour aborder les sujets du vivre ensemble, du consentement, des violences, des discriminations, de la souffrance psychique, du trauma, des conduites addictives, de l'isolement...<\/span><\/p>\n<p class=\"p1\"><span style=\"color: #800080;\">Chacun.e est libre de prendre la parole sur l'instant en tant que t\u00e9moin, victime ou auteur.ice de violences. Il est aussi possible de prendre un rdv dans nos locaux ult\u00e9rieurement.<\/span><\/p>\n<p class=\"p1\"><strong><span style=\"color: #800080;\">Ce dispositif est gratuit pour le public afin d'\u00eatre accessible \u00e0 toustes<\/span><\/strong><\/p>\n<\/div><\/div>\n<\/div>\n\n<div class=\"et_pb_column_3 et_pb_column et-last-child et_flex_column et_pb_css_mix_blend_mode_passthrough et_flex_column_12_24 et_flex_column_12_24_tablet et_flex_column_24_24_phone\">\n<div class=\"et_pb_image_2 et_pb_image et_animated et_pb_module et_flex_module\"><span class=\"et_pb_image_wrap\"><img loading=\"lazy\" decoding=\"async\" src=\"https:\/\/www.lesetabli-e-s.fr\/wp-content\/uploads\/2026\/04\/free-paillettes.jpg\" title=\"free-paillettes\" width=\"897\" height=\"998\" srcset=\"https:\/\/www.lesetabli-e-s.fr\/wp-content\/uploads\/2026\/04\/free-paillettes.jpg 897w, https:\/\/www.lesetabli-e-s.fr\/wp-content\/uploads\/2026\/04\/free-paillettes-480x534.jpg 480w\" sizes=\"(min-width: 0px) and (max-width: 480px) 480px, (min-width: 481px) 897px, 100vw\" class=\"wp-image-147\" \/><\/span><\/div>\n<\/div>\n<\/div>\n\n<div class=\"et_pb_row_2 et_pb_row et_flex_row\">\n<div class=\"et_pb_column_4 et_pb_column et-last-child et_flex_column et_pb_css_mix_blend_mode_passthrough et_flex_column_24_24 et_flex_column_24_24_tablet et_flex_column_24_24_phone\">\n<div class=\"et_pb_image_3 et_pb_image et_pb_module et_flex_module\"><span class=\"et_pb_image_wrap\"><img loading=\"lazy\" decoding=\"async\" src=\"https:\/\/www.lesetabli-e-s.fr\/wp-content\/uploads\/2026\/04\/free-paillettes-2.jpg\" title=\"free-paillettes-2\" width=\"1080\" height=\"1080\" srcset=\"https:\/\/www.lesetabli-e-s.fr\/wp-content\/uploads\/2026\/04\/free-paillettes-2.jpg 1080w, https:\/\/www.lesetabli-e-s.fr\/wp-content\/uploads\/2026\/04\/free-paillettes-2-980x980.jpg 980w, https:\/\/www.lesetabli-e-s.fr\/wp-content\/uploads\/2026\/04\/free-paillettes-2-480x480.jpg 480w\" sizes=\"(min-width: 0px) and (max-width: 480px) 480px, (min-width: 481px) and (max-width: 980px) 980px, (min-width: 981px) 1080px, 100vw\" class=\"wp-image-181\" \/><\/span><\/div>\n<\/div>\n<\/div>\n\n<div class=\"et_pb_row_3 et_pb_row et_flex_row\">\n<div class=\"et_pb_column_5 et_pb_column et_flex_column et_pb_column_empty et_pb_css_mix_blend_mode_passthrough et_flex_column_12_24 et_flex_column_12_24_tablet et_flex_column_24_24_phone\"><\/div>\n\n<div class=\"et_pb_column_6 et_pb_column et-last-child et_flex_column et_pb_css_mix_blend_mode_passthrough et_flex_column_12_24 et_flex_column_12_24_tablet et_flex_column_24_24_phone\">\n<div class=\"et_pb_image_4 et_pb_image et_pb_module et_flex_module\"><span class=\"et_pb_image_wrap\"><img loading=\"lazy\" decoding=\"async\" src=\"https:\/\/www.lesetabli-e-s.fr\/wp-content\/uploads\/2026\/04\/7-scaled.png\" title=\"7\" width=\"2560\" height=\"2560\" srcset=\"https:\/\/www.lesetabli-e-s.fr\/wp-content\/uploads\/2026\/04\/7-scaled.png 2560w, https:\/\/www.lesetabli-e-s.fr\/wp-content\/uploads\/2026\/04\/7-1280x1280.png 1280w, https:\/\/www.lesetabli-e-s.fr\/wp-content\/uploads\/2026\/04\/7-980x980.png 980w, https:\/\/www.lesetabli-e-s.fr\/wp-content\/uploads\/2026\/04\/7-480x480.png 480w\" sizes=\"(min-width: 0px) and (max-width: 480px) 480px, (min-width: 481px) and (max-width: 980px) 980px, (min-width: 981px) and (max-width: 1280px) 1280px, (min-width: 1281px) 2560px, 100vw\" class=\"wp-image-193\" \/><\/span><\/div>\n<\/div>\n<\/div>\n<\/div>","protected":false},"excerpt":{"rendered":"","protected":false},"author":1,"featured_media":0,"parent":0,"menu_order":0,"comment_status":"closed","ping_status":"closed","template":"","meta":{"footnotes":""},"class_list":["post-134","page","type-page","status-publish","hentry"],"yoast_head":"<!-- This site is optimized with the Yoast SEO plugin v27.3 - https:\/\/yoast.com\/product\/yoast-seo-wordpress\/ -->\n<title>Stand info -<\/title>\n<meta name=\"robots\" content=\"index, follow, max-snippet:-1, max-image-preview:large, max-video-preview:-1\" \/>\n<link rel=\"canonical\" href=\"https:\/\/www.lesetabli-e-s.fr\/index.php\/stand-info\/\" \/>\n<meta property=\"og:locale\" content=\"fr_FR\" \/>\n<meta property=\"og:type\" content=\"article\" \/>\n<meta property=\"og:title\" content=\"Stand info -\" \/>\n<meta property=\"og:url\" content=\"https:\/\/www.lesetabli-e-s.fr\/index.php\/stand-info\/\" \/>\n<meta property=\"article:modified_time\" content=\"2026-04-12T16:23:08+00:00\" \/>\n<meta name=\"twitter:card\" content=\"summary_large_image\" \/>\n<script type=\"application\/ld+json\" class=\"yoast-schema-graph\">{\"@context\":\"https:\\\/\\\/schema.org\",\"@graph\":[{\"@type\":\"WebPage\",\"@id\":\"https:\\\/\\\/www.lesetabli-e-s.fr\\\/index.php\\\/stand-info\\\/\",\"url\":\"https:\\\/\\\/www.lesetabli-e-s.fr\\\/index.php\\\/stand-info\\\/\",\"name\":\"Stand info -\",\"isPartOf\":{\"@id\":\"https:\\\/\\\/www.lesetabli-e-s.fr\\\/#website\"},\"datePublished\":\"2026-04-02T09:31:35+00:00\",\"dateModified\":\"2026-04-12T16:23:08+00:00\",\"breadcrumb\":{\"@id\":\"https:\\\/\\\/www.lesetabli-e-s.fr\\\/index.php\\\/stand-info\\\/#breadcrumb\"},\"inLanguage\":\"fr-FR\",\"potentialAction\":[{\"@type\":\"ReadAction\",\"target\":[\"https:\\\/\\\/www.lesetabli-e-s.fr\\\/index.php\\\/stand-info\\\/\"]}]},{\"@type\":\"BreadcrumbList\",\"@id\":\"https:\\\/\\\/www.lesetabli-e-s.fr\\\/index.php\\\/stand-info\\\/#breadcrumb\",\"itemListElement\":[{\"@type\":\"ListItem\",\"position\":1,\"name\":\"Accueil\",\"item\":\"https:\\\/\\\/www.lesetabli-e-s.fr\\\/\"},{\"@type\":\"ListItem\",\"position\":2,\"name\":\"Stand info\"}]},{\"@type\":\"WebSite\",\"@id\":\"https:\\\/\\\/www.lesetabli-e-s.fr\\\/#website\",\"url\":\"https:\\\/\\\/www.lesetabli-e-s.fr\\\/\",\"name\":\"Les \u00c9tabli.e.s\",\"description\":\"Pr\u00e9vention \\\/ Formation \\\/ Accompagnement VHSS\",\"publisher\":{\"@id\":\"https:\\\/\\\/www.lesetabli-e-s.fr\\\/#organization\"},\"potentialAction\":[{\"@type\":\"SearchAction\",\"target\":{\"@type\":\"EntryPoint\",\"urlTemplate\":\"https:\\\/\\\/www.lesetabli-e-s.fr\\\/?s={search_term_string}\"},\"query-input\":{\"@type\":\"PropertyValueSpecification\",\"valueRequired\":true,\"valueName\":\"search_term_string\"}}],\"inLanguage\":\"fr-FR\"},{\"@type\":\"Organization\",\"@id\":\"https:\\\/\\\/www.lesetabli-e-s.fr\\\/#organization\",\"name\":\"Les \u00c9tabli.e.s\",\"url\":\"https:\\\/\\\/www.lesetabli-e-s.fr\\\/\",\"logo\":{\"@type\":\"ImageObject\",\"inLanguage\":\"fr-FR\",\"@id\":\"https:\\\/\\\/www.lesetabli-e-s.fr\\\/#\\\/schema\\\/logo\\\/image\\\/\",\"url\":\"https:\\\/\\\/www.lesetabli-e-s.fr\\\/wp-content\\\/uploads\\\/2026\\\/03\\\/Capture-decran-2026-03-11-a-10.32.08.jpg\",\"contentUrl\":\"https:\\\/\\\/www.lesetabli-e-s.fr\\\/wp-content\\\/uploads\\\/2026\\\/03\\\/Capture-decran-2026-03-11-a-10.32.08.jpg\",\"width\":419,\"height\":327,\"caption\":\"Les \u00c9tabli.e.s\"},\"image\":{\"@id\":\"https:\\\/\\\/www.lesetabli-e-s.fr\\\/#\\\/schema\\\/logo\\\/image\\\/\"},\"sameAs\":[\"https:\\\/\\\/www.instagram.com\\\/freepaillettes\\\/\"]}]}<\/script>\n<!-- \/ Yoast SEO plugin. -->","yoast_head_json":{"title":"Stand info -","robots":{"index":"index","follow":"follow","max-snippet":"max-snippet:-1","max-image-preview":"max-image-preview:large","max-video-preview":"max-video-preview:-1"},"canonical":"https:\/\/www.lesetabli-e-s.fr\/index.php\/stand-info\/","og_locale":"fr_FR","og_type":"article","og_title":"Stand info -","og_url":"https:\/\/www.lesetabli-e-s.fr\/index.php\/stand-info\/","article_modified_time":"2026-04-12T16:23:08+00:00","twitter_card":"summary_large_image","schema":{"@context":"https:\/\/schema.org","@graph":[{"@type":"WebPage","@id":"https:\/\/www.lesetabli-e-s.fr\/index.php\/stand-info\/","url":"https:\/\/www.lesetabli-e-s.fr\/index.php\/stand-info\/","name":"Stand info -","isPartOf":{"@id":"https:\/\/www.lesetabli-e-s.fr\/#website"},"datePublished":"2026-04-02T09:31:35+00:00","dateModified":"2026-04-12T16:23:08+00:00","breadcrumb":{"@id":"https:\/\/www.lesetabli-e-s.fr\/index.php\/stand-info\/#breadcrumb"},"inLanguage":"fr-FR","potentialAction":[{"@type":"ReadAction","target":["https:\/\/www.lesetabli-e-s.fr\/index.php\/stand-info\/"]}]},{"@type":"BreadcrumbList","@id":"https:\/\/www.lesetabli-e-s.fr\/index.php\/stand-info\/#breadcrumb","itemListElement":[{"@type":"ListItem","position":1,"name":"Accueil","item":"https:\/\/www.lesetabli-e-s.fr\/"},{"@type":"ListItem","position":2,"name":"Stand info"}]},{"@type":"WebSite","@id":"https:\/\/www.lesetabli-e-s.fr\/#website","url":"https:\/\/www.lesetabli-e-s.fr\/","name":"Les \u00c9tabli.e.s","description":"Pr\u00e9vention \/ Formation \/ Accompagnement VHSS","publisher":{"@id":"https:\/\/www.lesetabli-e-s.fr\/#organization"},"potentialAction":[{"@type":"SearchAction","target":{"@type":"EntryPoint","urlTemplate":"https:\/\/www.lesetabli-e-s.fr\/?s={search_term_string}"},"query-input":{"@type":"PropertyValueSpecification","valueRequired":true,"valueName":"search_term_string"}}],"inLanguage":"fr-FR"},{"@type":"Organization","@id":"https:\/\/www.lesetabli-e-s.fr\/#organization","name":"Les \u00c9tabli.e.s","url":"https:\/\/www.lesetabli-e-s.fr\/","logo":{"@type":"ImageObject","inLanguage":"fr-FR","@id":"https:\/\/www.lesetabli-e-s.fr\/#\/schema\/logo\/image\/","url":"https:\/\/www.lesetabli-e-s.fr\/wp-content\/uploads\/2026\/03\/Capture-decran-2026-03-11-a-10.32.08.jpg","contentUrl":"https:\/\/www.lesetabli-e-s.fr\/wp-content\/uploads\/2026\/03\/Capture-decran-2026-03-11-a-10.32.08.jpg","width":419,"height":327,"caption":"Les \u00c9tabli.e.s"},"image":{"@id":"https:\/\/www.lesetabli-e-s.fr\/#\/schema\/logo\/image\/"},"sameAs":["https:\/\/www.instagram.com\/freepaillettes\/"]}]}},"jetpack_sharing_enabled":true,"_links":{"self":[{"href":"https:\/\/www.lesetabli-e-s.fr\/index.php\/wp-json\/wp\/v2\/pages\/134","targetHints":{"allow":["GET"]}}],"collection":[{"href":"https:\/\/www.lesetabli-e-s.fr\/index.php\/wp-json\/wp\/v2\/pages"}],"about":[{"href":"https:\/\/www.lesetabli-e-s.fr\/index.php\/wp-json\/wp\/v2\/types\/page"}],"author":[{"embeddable":true,"href":"https:\/\/www.lesetabli-e-s.fr\/index.php\/wp-json\/wp\/v2\/users\/1"}],"replies":[{"embeddable":true,"href":"https:\/\/www.lesetabli-e-s.fr\/index.php\/wp-json\/wp\/v2\/comments?post=134"}],"version-history":[{"count":21,"href":"https:\/\/www.lesetabli-e-s.fr\/index.php\/wp-json\/wp\/v2\/pages\/134\/revisions"}],"predecessor-version":[{"id":252,"href":"https:\/\/www.lesetabli-e-s.fr\/index.php\/wp-json\/wp\/v2\/pages\/134\/revisions\/252"}],"wp:attachment":[{"href":"https:\/\/www.lesetabli-e-s.fr\/index.php\/wp-json\/wp\/v2\/media?parent=134"}],"curies":[{"name":"wp","href":"https:\/\/api.w.org\/{rel}","templated":true}]}}